{"id":251,"date":"2023-11-06T18:46:15","date_gmt":"2023-11-06T17:46:15","guid":{"rendered":"http:\/\/proxiscope.ricod.net\/?page_id=251"},"modified":"2025-06-27T15:51:11","modified_gmt":"2025-06-27T13:51:11","slug":"cooperation-territoriale-et-innovation","status":"publish","type":"page","link":"https:\/\/proxiscope.ricod.net\/index.php\/cooperation-territoriale-et-innovation\/","title":{"rendered":"Coop\u00e9ration territoriale et innovation"},"content":{"rendered":"\n<p>A l&#8217;\u00e9chelle r\u00e9gionale, nationale ou locale, diff\u00e9rents acteurs co-\u00e9crivent ensemble la transition num\u00e9rique des artisans et de leurs territoires. Des instances et partenariats permettent d&#8217;imaginer et d&#8217;organiser des activit\u00e9s pour co-construire des imaginaires num\u00e9riques communs.<\/p>\n\n\n\n<div class=\"wp-container-1 wp-block-buttons\"><\/div>\n\n\n\n<div class=\"wp-block-media-text alignwide is-stacked-on-mobile\"><figure class=\"wp-block-media-text__media\"><a href=\"http:\/\/proxiscope.ricod.net\/index.php\/2023\/01\/28\/co-construire-une-strategie-numerique-regionale\/\" target=\"_blank\" rel=\"noreferrer noopener\"><img loading=\"lazy\" width=\"940\" height=\"788\" src=\"http:\/\/proxiscope.ricod.net\/wp-content\/uploads\/2023\/01\/Sans-titre-3.jpg\" alt=\"\" class=\"wp-image-55 size-full\" srcset=\"https:\/\/proxiscope.ricod.net\/wp-content\/uploads\/2023\/01\/Sans-titre-3.jpg 940w, https:\/\/proxiscope.ricod.net\/wp-content\/uploads\/2023\/01\/Sans-titre-3-300x251.jpg 300w, https:\/\/proxiscope.ricod.net\/wp-content\/uploads\/2023\/01\/Sans-titre-3-768x644.jpg 768w\" sizes=\"(max-width: 940px) 100vw, 940px\" \/><\/a><\/figure><div class=\"wp-block-media-text__content\">\n<p>D\u00e9couvrez les activit\u00e9s, les objectifs et le fonctionnement du Conseil R\u00e9gional du Num\u00e9rique, seule instance r\u00e9gionale en France \u00e0 mobiliser un coll\u00e8ges d&#8217;acteurs publics et priv\u00e9s sur le mod\u00e8le du Conseil National du Num\u00e9rique.<\/p>\n<\/div><\/div>\n\n\n\n<div class=\"wp-block-media-text alignwide has-media-on-the-right is-stacked-on-mobile\"><figure class=\"wp-block-media-text__media\"><a href=\"http:\/\/proxiscope.ricod.net\/index.php\/2022\/06\/11\/on-parle-dinnovation-de-proximite\/\" target=\"_blank\" rel=\"noreferrer noopener\"><img loading=\"lazy\" width=\"1024\" height=\"682\" src=\"http:\/\/proxiscope.ricod.net\/wp-content\/uploads\/2022\/06\/laptop-computer-writing-work-hand-screen-871986-pxhere.com_-1024x682.jpg\" alt=\"\" class=\"wp-image-17 size-full\" srcset=\"https:\/\/proxiscope.ricod.net\/wp-content\/uploads\/2022\/06\/laptop-computer-writing-work-hand-screen-871986-pxhere.com_-1024x682.jpg 1024w, https:\/\/proxiscope.ricod.net\/wp-content\/uploads\/2022\/06\/laptop-computer-writing-work-hand-screen-871986-pxhere.com_-300x200.jpg 300w, https:\/\/proxiscope.ricod.net\/wp-content\/uploads\/2022\/06\/laptop-computer-writing-work-hand-screen-871986-pxhere.com_-768x512.jpg 768w, https:\/\/proxiscope.ricod.net\/wp-content\/uploads\/2022\/06\/laptop-computer-writing-work-hand-screen-871986-pxhere.com_.jpg 1280w\" sizes=\"(max-width: 1024px) 100vw, 1024px\" \/><\/a><\/figure><div class=\"wp-block-media-text__content\">\n<p>L&#8217;ensemble des acteurs de la transition num\u00e9rique participe \u00e0 l&#8217;innovation de proximit\u00e9. Pour savoir comment l&#8217;ensemble de ces initiatives permettent d&#8217;adapter les usages aux m\u00e9tiers, espaces et valeurs des participants, d\u00e9couvrez notre &#8220;post-mobile&#8221; sur l&#8217;innovation de proximit\u00e9. Il est mis \u00e0 jour r\u00e9guli\u00e8rement en fonction des observation du projet de recherche FabCVL.<\/p>\n<\/div><\/div>\n\n\n\n<div class=\"wp-block-media-text alignwide is-stacked-on-mobile\"><figure class=\"wp-block-media-text__media\"><a href=\"https:\/\/proxiscope.ricod.net\/index.php\/2025\/06\/27\/autour-des-femmes-de-lartisanat\/\"><img loading=\"lazy\" width=\"1024\" height=\"473\" src=\"https:\/\/proxiscope.ricod.net\/wp-content\/uploads\/2025\/06\/IMG_1442-1024x473.png\" alt=\"\" class=\"wp-image-351 size-full\" srcset=\"https:\/\/proxiscope.ricod.net\/wp-content\/uploads\/2025\/06\/IMG_1442-1024x473.png 1024w, https:\/\/proxiscope.ricod.net\/wp-content\/uploads\/2025\/06\/IMG_1442-300x139.png 300w, https:\/\/proxiscope.ricod.net\/wp-content\/uploads\/2025\/06\/IMG_1442-768x355.png 768w, https:\/\/proxiscope.ricod.net\/wp-content\/uploads\/2025\/06\/IMG_1442-1536x710.png 1536w, https:\/\/proxiscope.ricod.net\/wp-content\/uploads\/2025\/06\/IMG_1442.png 1792w\" sizes=\"(max-width: 1024px) 100vw, 1024px\" \/><\/a><\/figure><div class=\"wp-block-media-text__content\">\n<p>En 2025, la CMA CVL a rencontr\u00e9 9 entreprises qui valorisent les talents f\u00e9minins de l&#8217;Artisanat sur le territoire de la Communaut\u00e9 de Communes Ecueill\u00e9-Valen\u00e7ay. Retrouvez leurs conseils et le portrait du territoire?<\/p>\n<\/div><\/div>\n","protected":false},"excerpt":{"rendered":"<p>A l&#8217;\u00e9chelle r\u00e9gionale, nationale ou locale, diff\u00e9rents acteurs co-\u00e9crivent ensemble la transition num\u00e9rique des artisans et de leurs territoires. Des instances et partenariats permettent d&#8217;imaginer et&#46;&#46;&#46;<\/p>\n","protected":false},"author":1,"featured_media":0,"parent":0,"menu_order":0,"comment_status":"closed","ping_status":"closed","template":"","meta":{"om_disable_all_campaigns":false},"_links":{"self":[{"href":"https:\/\/proxiscope.ricod.net\/index.php\/wp-json\/wp\/v2\/pages\/251"}],"collection":[{"href":"https:\/\/proxiscope.ricod.net\/index.php\/wp-json\/wp\/v2\/pages"}],"about":[{"href":"https:\/\/proxiscope.ricod.net\/index.php\/wp-json\/wp\/v2\/types\/page"}],"author":[{"embeddable":true,"href":"https:\/\/proxiscope.ricod.net\/index.php\/wp-json\/wp\/v2\/users\/1"}],"replies":[{"embeddable":true,"href":"https:\/\/proxiscope.ricod.net\/index.php\/wp-json\/wp\/v2\/comments?post=251"}],"version-history":[{"count":2,"href":"https:\/\/proxiscope.ricod.net\/index.php\/wp-json\/wp\/v2\/pages\/251\/revisions"}],"predecessor-version":[{"id":357,"href":"https:\/\/proxiscope.ricod.net\/index.php\/wp-json\/wp\/v2\/pages\/251\/revisions\/357"}],"wp:attachment":[{"href":"https:\/\/proxiscope.ricod.net\/index.php\/wp-json\/wp\/v2\/media?parent=251"}],"curies":[{"name":"wp","href":"https:\/\/api.w.org\/{rel}","templated":true}]}}