{"id":2,"date":"2022-06-11T09:24:08","date_gmt":"2022-06-11T07:24:08","guid":{"rendered":"http:\/\/proxiscope.ricod.net\/?page_id=2"},"modified":"2022-06-11T13:45:08","modified_gmt":"2022-06-11T11:45:08","slug":"a-propos","status":"publish","type":"page","link":"https:\/\/proxiscope.ricod.net\/index.php\/a-propos\/","title":{"rendered":"A propos"},"content":{"rendered":"\n<p>Ce blog est un carnet d&#8217;exploration de l&#8217;innovation de proximit\u00e9 et de coop\u00e9ration. Il est \u00e9crit par Johanna Camp, charg\u00e9e de transition et d&#8217;acculturation num\u00e9rique CMA CVL et doctorante DICEN IDF.<\/p>\n\n\n\n<p>Il participe au socle commun de connaissance des participants au programme FabCVL : fabrique num\u00e9rique responsable pour les acteurs de proximit\u00e9.<\/p>\n\n\n\n<p>Ensemble, nous co-fabriquons :<\/p>\n\n\n\n<ul><li>l&#8217;\u00e9conomie de proximit\u00e9<\/li><li>l&#8217;innovation de proximit\u00e9 <\/li><li>les comp\u00e9tences de proximit\u00e9<\/li><li>les m\u00e9tiers de proximit\u00e9<\/li><\/ul>\n\n\n\n<p>Pour cela, nous utilisons :<\/p>\n\n\n\n<ul><li>des pratiques responsables communes<\/li><li>des intelligences de proximit\u00e9<\/li><li>des coop\u00e9rations de proximit\u00e9<\/li><\/ul>\n\n\n\n<p><\/p>\n","protected":false},"excerpt":{"rendered":"<p>Ce blog est un carnet d&#8217;exploration de l&#8217;innovation de proximit\u00e9 et de coop\u00e9ration. Il est \u00e9crit par Johanna Camp, charg\u00e9e de transition et d&#8217;acculturation num\u00e9rique CMA&#46;&#46;&#46;<\/p>\n","protected":false},"author":1,"featured_media":0,"parent":0,"menu_order":0,"comment_status":"closed","ping_status":"closed","template":"","meta":{"om_disable_all_campaigns":false},"_links":{"self":[{"href":"https:\/\/proxiscope.ricod.net\/index.php\/wp-json\/wp\/v2\/pages\/2"}],"collection":[{"href":"https:\/\/proxiscope.ricod.net\/index.php\/wp-json\/wp\/v2\/pages"}],"about":[{"href":"https:\/\/proxiscope.ricod.net\/index.php\/wp-json\/wp\/v2\/types\/page"}],"author":[{"embeddable":true,"href":"https:\/\/proxiscope.ricod.net\/index.php\/wp-json\/wp\/v2\/users\/1"}],"replies":[{"embeddable":true,"href":"https:\/\/proxiscope.ricod.net\/index.php\/wp-json\/wp\/v2\/comments?post=2"}],"version-history":[{"count":1,"href":"https:\/\/proxiscope.ricod.net\/index.php\/wp-json\/wp\/v2\/pages\/2\/revisions"}],"predecessor-version":[{"id":12,"href":"https:\/\/proxiscope.ricod.net\/index.php\/wp-json\/wp\/v2\/pages\/2\/revisions\/12"}],"wp:attachment":[{"href":"https:\/\/proxiscope.ricod.net\/index.php\/wp-json\/wp\/v2\/media?parent=2"}],"curies":[{"name":"wp","href":"https:\/\/api.w.org\/{rel}","templated":true}]}}