{"id":146,"date":"2023-07-06T17:36:49","date_gmt":"2023-07-06T15:36:49","guid":{"rendered":"http:\/\/proxiscope.ricod.net\/?page_id=146"},"modified":"2023-09-05T18:26:35","modified_gmt":"2023-09-05T16:26:35","slug":"numerique-et-transmission","status":"publish","type":"page","link":"https:\/\/proxiscope.ricod.net\/index.php\/numerique-et-transmission\/","title":{"rendered":"Num\u00e9rique et transmission"},"content":{"rendered":"\n<p>Jeunesse, parit\u00e9, fake news et IA, autant de th\u00e8mes qui croisent la route de l&#8217;innovation de proximit\u00e9. Lors de notre recherche, nous participons \u00e0 des tables-rondes, des jurys et des conf\u00e9rences qui nous indiquent les enjeux du num\u00e9rique responsable de demain. Cette page vous partage quelques aper\u00e7us de ces activit\u00e9s.<\/p>\n\n\n\n<div class=\"wp-container-1 wp-block-buttons\">\n<div class=\"wp-block-button\"><a class=\"wp-block-button__link\" href=\"http:\/\/proxiscope.ricod.net\/index.php\/2022\/11\/05\/human-tech-days\/\">Human Tech Days<\/a><\/div>\n<\/div>\n\n\n\n<div class=\"wp-block-media-text alignwide is-stacked-on-mobile\"><figure class=\"wp-block-media-text__media\"><img loading=\"lazy\" width=\"1000\" height=\"1000\" src=\"http:\/\/proxiscope.ricod.net\/wp-content\/uploads\/2023\/07\/jury-dill-xp.jpg\" alt=\"\" class=\"wp-image-148 size-full\" srcset=\"https:\/\/proxiscope.ricod.net\/wp-content\/uploads\/2023\/07\/jury-dill-xp.jpg 1000w, https:\/\/proxiscope.ricod.net\/wp-content\/uploads\/2023\/07\/jury-dill-xp-300x300.jpg 300w, https:\/\/proxiscope.ricod.net\/wp-content\/uploads\/2023\/07\/jury-dill-xp-150x150.jpg 150w, https:\/\/proxiscope.ricod.net\/wp-content\/uploads\/2023\/07\/jury-dill-xp-768x768.jpg 768w, https:\/\/proxiscope.ricod.net\/wp-content\/uploads\/2023\/07\/jury-dill-xp-200x200.jpg 200w\" sizes=\"(max-width: 1000px) 100vw, 1000px\" \/><\/figure><div class=\"wp-block-media-text__content\">\n<p>Participation au jury DILL XP 2023 : au coeur de l&#8217;innovation port\u00e9e par les \u00e9tudiants des universit\u00e9s de Tours, Orl\u00e9ans, et de l&#8217;INSA Centre Val de Loire notamment. DILL XP est un dispositif qui permet de mettre les comp\u00e9tences des \u00e9tudiants au service d&#8217;entreprises et organisations de la r\u00e9gion \u00e0 travers le d\u00e9veloppement de projets num\u00e9riques.<\/p>\n<\/div><\/div>\n\n\n\n<div class=\"wp-block-media-text alignwide has-media-on-the-right is-stacked-on-mobile\"><figure class=\"wp-block-media-text__media\"><img loading=\"lazy\" width=\"757\" height=\"769\" src=\"http:\/\/proxiscope.ricod.net\/wp-content\/uploads\/2023\/07\/place-du-numerique.png\" alt=\"\" class=\"wp-image-150 size-full\" srcset=\"https:\/\/proxiscope.ricod.net\/wp-content\/uploads\/2023\/07\/place-du-numerique.png 757w, https:\/\/proxiscope.ricod.net\/wp-content\/uploads\/2023\/07\/place-du-numerique-295x300.png 295w\" sizes=\"(max-width: 757px) 100vw, 757px\" \/><\/figure><div class=\"wp-block-media-text__content\">\n<p>Marraine de la Place du Num\u00e9rique 2023 : participation \u00e0 deux tables rondes sur le num\u00e9rique et la parit\u00e9 \u00e0 Ch\u00e2teauroux et Orl\u00e9ans, pr\u00e9sentation du m\u00e9tier de charg\u00e9e de transition num\u00e9rique doctorante en SIC. Un public jeune et nombreux, int\u00e9ress\u00e9 des m\u00e9tiers du gaming et de l&#8217;atelier sur les fake news.<\/p>\n<\/div><\/div>\n\n\n\n<div class=\"wp-container-4 wp-block-columns\">\n<div class=\"wp-container-2 wp-block-column\">\n<figure class=\"wp-block-embed is-type-video is-provider-youtube wp-block-embed-youtube wp-embed-aspect-16-9 wp-has-aspect-ratio\"><div class=\"wp-block-embed__wrapper\">\n<div class=\"video-container\"><iframe loading=\"lazy\" title=\"5 ans du programme \u00ab 1000 doctorants pour les territoires \u00bb - l&#039;\u00e9v\u00e9nement\" width=\"740\" height=\"416\" src=\"https:\/\/www.youtube.com\/embed\/RwZvNtWMJFg?feature=oembed\" frameborder=\"0\" allow=\"accelerometer; autoplay; clipboard-write; encrypted-media; gyroscope; picture-in-picture; web-share\" allowfullscreen><\/iframe><\/div>\n<\/div><\/figure>\n<\/div>\n\n\n\n<div class=\"wp-container-3 wp-block-column\">\n<p>Pr\u00e9sentation du programme de recherche lors des 5 ans du programme &#8220;1000 doctorants pour les territoires&#8221; en 2022. Conf\u00e9rence organis\u00e9e \u00e0 l&#8217;Acad\u00e9mie du Climat pour placer la recherche au coeur de territoires, notamment via le dispositif Cifre.<\/p>\n<\/div>\n<\/div>\n\n\n\n<div class=\"wp-block-media-text alignwide is-stacked-on-mobile\"><figure class=\"wp-block-media-text__media\"><a href=\"http:\/\/proxiscope.ricod.net\/index.php\/2023\/09\/05\/places-du-numerique-a-chateauroux-et-orleans\/\"><img loading=\"lazy\" width=\"1024\" height=\"768\" src=\"http:\/\/proxiscope.ricod.net\/wp-content\/uploads\/2023\/09\/MicrosoftTeams-image-16.jpg\" alt=\"\" class=\"wp-image-193 size-full\" srcset=\"https:\/\/proxiscope.ricod.net\/wp-content\/uploads\/2023\/09\/MicrosoftTeams-image-16.jpg 1024w, https:\/\/proxiscope.ricod.net\/wp-content\/uploads\/2023\/09\/MicrosoftTeams-image-16-300x225.jpg 300w, https:\/\/proxiscope.ricod.net\/wp-content\/uploads\/2023\/09\/MicrosoftTeams-image-16-768x576.jpg 768w\" sizes=\"(max-width: 1024px) 100vw, 1024px\" \/><\/a><\/figure><div class=\"wp-block-media-text__content\">\n<p>Attractivit\u00e9, parit\u00e9 et m\u00e9tiers autour du num\u00e9rique : retour sur les Places du Num\u00e9rique organis\u00e9es \u00e0 Orl\u00e9ans et Ch\u00e2teauroux dans le cadre des Human Tech Days 2023. Ces \u00e9changes nous ont permis de voir une nouvelle organisation des espaces, des th\u00e8mes et activit\u00e9s de la transition en plein coeur des villes de la R\u00e9gion Centre-Val de Loire.<\/p>\n<\/div><\/div>\n","protected":false},"excerpt":{"rendered":"<p>Jeunesse, parit\u00e9, fake news et IA, autant de th\u00e8mes qui croisent la route de l&#8217;innovation de proximit\u00e9. Lors de notre recherche, nous participons \u00e0 des tables-rondes,&#46;&#46;&#46;<\/p>\n","protected":false},"author":1,"featured_media":0,"parent":0,"menu_order":0,"comment_status":"closed","ping_status":"closed","template":"","meta":{"om_disable_all_campaigns":false},"_links":{"self":[{"href":"https:\/\/proxiscope.ricod.net\/index.php\/wp-json\/wp\/v2\/pages\/146"}],"collection":[{"href":"https:\/\/proxiscope.ricod.net\/index.php\/wp-json\/wp\/v2\/pages"}],"about":[{"href":"https:\/\/proxiscope.ricod.net\/index.php\/wp-json\/wp\/v2\/types\/page"}],"author":[{"embeddable":true,"href":"https:\/\/proxiscope.ricod.net\/index.php\/wp-json\/wp\/v2\/users\/1"}],"replies":[{"embeddable":true,"href":"https:\/\/proxiscope.ricod.net\/index.php\/wp-json\/wp\/v2\/comments?post=146"}],"version-history":[{"count":7,"href":"https:\/\/proxiscope.ricod.net\/index.php\/wp-json\/wp\/v2\/pages\/146\/revisions"}],"predecessor-version":[{"id":196,"href":"https:\/\/proxiscope.ricod.net\/index.php\/wp-json\/wp\/v2\/pages\/146\/revisions\/196"}],"wp:attachment":[{"href":"https:\/\/proxiscope.ricod.net\/index.php\/wp-json\/wp\/v2\/media?parent=146"}],"curies":[{"name":"wp","href":"https:\/\/api.w.org\/{rel}","templated":true}]}}